{"id":29554,"date":"2025-09-17T14:19:14","date_gmt":"2025-09-17T12:19:14","guid":{"rendered":"https:\/\/staging.atlasbalans.com\/kontakt\/"},"modified":"2025-10-31T13:52:32","modified_gmt":"2025-10-31T12:52:32","slug":"kontakt","status":"publish","type":"page","link":"https:\/\/atlasbalans.com\/sv\/kontakt\/","title":{"rendered":"Kontakt"},"content":{"rendered":"\t\t<div data-elementor-type=\"wp-page\" data-elementor-id=\"29554\" class=\"elementor elementor-29554 elementor-28175\" data-elementor-post-type=\"page\">\n\t\t\t\t<div class=\"elementor-element elementor-element-4521724c e-con-full e-flex e-con e-parent\" data-id=\"4521724c\" data-element_type=\"container\" data-e-type=\"container\" data-settings=\"{&quot;background_background&quot;:&quot;classic&quot;}\">\n\t\t<div class=\"elementor-element elementor-element-42ad2a71 e-con-full e-flex e-con e-child\" data-id=\"42ad2a71\" data-element_type=\"container\" data-e-type=\"container\" data-settings=\"{&quot;background_background&quot;:&quot;classic&quot;}\">\n\t\t\t\t<div class=\"elementor-element elementor-element-4814e4da elementor-widget elementor-widget-heading\" data-id=\"4814e4da\" data-element_type=\"widget\" data-e-type=\"widget\" data-widget_type=\"heading.default\">\n\t\t\t\t\t<h1 class=\"elementor-heading-title elementor-size-default\">Kontakta oss<\/h1>\t\t\t\t<\/div>\n\t\t\t\t<div class=\"elementor-element elementor-element-61373fe3 elementor-widget elementor-widget-heading\" data-id=\"61373fe3\" data-element_type=\"widget\" data-e-type=\"widget\" data-widget_type=\"heading.default\">\n\t\t\t\t\t<p class=\"elementor-heading-title elementor-size-default\">Vi vill g\u00e4rna prata med dig.<br>Du \u00e4r v\u00e4lkommen att kontakta oss n\u00e4r som helst.<\/p>\t\t\t\t<\/div>\n\t\t\t\t<div class=\"elementor-element elementor-element-17ec3ce elementor-widget elementor-widget-text-editor\" data-id=\"17ec3ce\" data-element_type=\"widget\" data-e-type=\"widget\" data-widget_type=\"text-editor.default\">\n\t\t\t\t\t\t\t\t\t<h2>Fascia Innovation Sweden AB<\/h2><p><strong>MOMS:<\/strong> SE556583891801<\/p><p><strong>E-post:<\/strong> <a href=\"mailto:info@atlasbalans.com\">info@atlasbalans.com<\/a><br \/><strong>Telefon<\/strong> +46 10 195 90 90<br \/><strong>Adress:<\/strong> Tingsv\u00e4gen 17, 191 61, Sollentuna (Sverige)<\/p>\t\t\t\t\t\t\t\t<\/div>\n\t\t\t\t<\/div>\n\t\t<div class=\"elementor-element elementor-element-6e204011 e-con-full e-flex e-con e-child\" data-id=\"6e204011\" data-element_type=\"container\" data-e-type=\"container\">\n\t\t\t\t<div class=\"elementor-element elementor-element-013fe28 elementor-widget elementor-widget-html\" data-id=\"013fe28\" data-element_type=\"widget\" data-e-type=\"widget\" data-widget_type=\"html.default\">\n\t\t\t\t\t<iframe\n    src=\"https:\/\/api.leadconnectorhq.com\/widget\/form\/MczCo35YFIQiFJhqkTBX\"\n    style=\"width:100%;height:100%;border:none;border-radius:3px\"\n    id=\"inline-MczCo35YFIQiFJhqkTBX\" \n    data-layout=\"{'id':'INLINE'}\"\n    data-trigger-type=\"alwaysShow\"\n    data-trigger-value=\"\"\n    data-activation-type=\"alwaysActivated\"\n    data-activation-value=\"\"\n    data-deactivation-type=\"neverDeactivate\"\n    data-deactivation-value=\"\"\n    data-form-name=\"20. Machine Contact Form\"\n    data-height=\"543\"\n    data-layout-iframe-id=\"inline-MczCo35YFIQiFJhqkTBX\"\n    data-form-id=\"MczCo35YFIQiFJhqkTBX\"\n    title=\"20. Machine Contact Form\"\n        >\n<\/iframe>\n<script src=\"https:\/\/link.msgsndr.com\/js\/form_embed.js\"><\/script>\t\t\t\t<\/div>\n\t\t\t\t<\/div>\n\t\t\t\t<\/div>\n\t\t\t\t<\/div>\n\t\t","protected":false},"excerpt":{"rendered":"<p>Kontakta oss Vi vill g\u00e4rna prata med dig.Du \u00e4r v\u00e4lkommen att kontakta oss n\u00e4r som helst. Fascia Innovation Sweden AB MOMS: SE556583891801 E-post: info@atlasbalans.comTelefon +46 10 195 90 90Adress: Tingsv\u00e4gen 17, 191 61, Sollentuna (Sverige)<\/p>\n","protected":false},"author":1,"featured_media":0,"parent":0,"menu_order":0,"comment_status":"closed","ping_status":"closed","template":"elementor_header_footer","meta":{"footnotes":""},"class_list":["post-29554","page","type-page","status-publish","hentry"],"yoast_head":"<!-- This site is optimized with the Yoast SEO plugin v27.4 - https:\/\/yoast.com\/product\/yoast-seo-wordpress\/ -->\n<title>Kontakta oss | Atlasbalans Sverige Fascia Technology<\/title>\n<meta name=\"description\" content=\"Kom i kontakt med Atlasbalans f\u00f6r teknik, utbildning och support f\u00f6r fasciabehandling.\" \/>\n<meta name=\"robots\" content=\"index, follow, max-snippet:-1, max-image-preview:large, max-video-preview:-1\" \/>\n<link rel=\"canonical\" href=\"https:\/\/atlasbalans.com\/sv\/kontakt\/\" \/>\n<meta property=\"og:locale\" content=\"sv_SE\" \/>\n<meta property=\"og:type\" content=\"article\" \/>\n<meta property=\"og:title\" content=\"Kontakta oss | Atlasbalans Sverige Fascia Technology\" \/>\n<meta property=\"og:description\" content=\"Kom i kontakt med Atlasbalans f\u00f6r teknik, utbildning och support f\u00f6r fasciabehandling.\" \/>\n<meta property=\"og:url\" content=\"https:\/\/atlasbalans.com\/sv\/kontakt\/\" \/>\n<meta property=\"og:site_name\" content=\"Atlasbalans\" \/>\n<meta property=\"article:publisher\" content=\"https:\/\/www.facebook.com\/atlasbalans\/\" \/>\n<meta property=\"article:modified_time\" content=\"2025-10-31T12:52:32+00:00\" \/>\n<meta name=\"twitter:card\" content=\"summary_large_image\" \/>\n<meta name=\"twitter:label1\" content=\"Ber\u00e4knad l\u00e4stid\" \/>\n\t<meta name=\"twitter:data1\" content=\"1 minut\" \/>\n<script type=\"application\/ld+json\" class=\"yoast-schema-graph\">{\"@context\":\"https:\\\/\\\/schema.org\",\"@graph\":[{\"@type\":\"WebPage\",\"@id\":\"https:\\\/\\\/atlasbalans.com\\\/sv\\\/kontakt\\\/\",\"url\":\"https:\\\/\\\/atlasbalans.com\\\/sv\\\/kontakt\\\/\",\"name\":\"Kontakta oss | Atlasbalans Sverige Fascia Technology\",\"isPartOf\":{\"@id\":\"https:\\\/\\\/atlasbalans.com\\\/sv\\\/#website\"},\"datePublished\":\"2025-09-17T12:19:14+00:00\",\"dateModified\":\"2025-10-31T12:52:32+00:00\",\"description\":\"Kom i kontakt med Atlasbalans f\u00f6r teknik, utbildning och support f\u00f6r fasciabehandling.\",\"breadcrumb\":{\"@id\":\"https:\\\/\\\/atlasbalans.com\\\/sv\\\/kontakt\\\/#breadcrumb\"},\"inLanguage\":\"sv-SE\",\"potentialAction\":[{\"@type\":\"ReadAction\",\"target\":[\"https:\\\/\\\/atlasbalans.com\\\/sv\\\/kontakt\\\/\"]}]},{\"@type\":\"BreadcrumbList\",\"@id\":\"https:\\\/\\\/atlasbalans.com\\\/sv\\\/kontakt\\\/#breadcrumb\",\"itemListElement\":[{\"@type\":\"ListItem\",\"position\":1,\"name\":\"Home\",\"item\":\"https:\\\/\\\/atlasbalans.com\\\/sv\\\/\"},{\"@type\":\"ListItem\",\"position\":2,\"name\":\"Kontakt\"}]},{\"@type\":\"WebSite\",\"@id\":\"https:\\\/\\\/atlasbalans.com\\\/sv\\\/#website\",\"url\":\"https:\\\/\\\/atlasbalans.com\\\/sv\\\/\",\"name\":\"Atlasbalans\",\"description\":\"Redefining Wellness Through Fascia Science\",\"publisher\":{\"@id\":\"https:\\\/\\\/atlasbalans.com\\\/sv\\\/#organization\"},\"potentialAction\":[{\"@type\":\"SearchAction\",\"target\":{\"@type\":\"EntryPoint\",\"urlTemplate\":\"https:\\\/\\\/atlasbalans.com\\\/sv\\\/?s={search_term_string}\"},\"query-input\":{\"@type\":\"PropertyValueSpecification\",\"valueRequired\":true,\"valueName\":\"search_term_string\"}}],\"inLanguage\":\"sv-SE\"},{\"@type\":\"Organization\",\"@id\":\"https:\\\/\\\/atlasbalans.com\\\/sv\\\/#organization\",\"name\":\"Atlasbalans\",\"url\":\"https:\\\/\\\/atlasbalans.com\\\/sv\\\/\",\"logo\":{\"@type\":\"ImageObject\",\"inLanguage\":\"sv-SE\",\"@id\":\"https:\\\/\\\/atlasbalans.com\\\/sv\\\/#\\\/schema\\\/logo\\\/image\\\/\",\"url\":\"https:\\\/\\\/atlasbalans.com\\\/wp-content\\\/uploads\\\/2025\\\/10\\\/atlasbalans-color-logo.png\",\"contentUrl\":\"https:\\\/\\\/atlasbalans.com\\\/wp-content\\\/uploads\\\/2025\\\/10\\\/atlasbalans-color-logo.png\",\"width\":568,\"height\":190,\"caption\":\"Atlasbalans\"},\"image\":{\"@id\":\"https:\\\/\\\/atlasbalans.com\\\/sv\\\/#\\\/schema\\\/logo\\\/image\\\/\"},\"sameAs\":[\"https:\\\/\\\/www.facebook.com\\\/atlasbalans\\\/\",\"https:\\\/\\\/www.instagram.com\\\/atlasbalans\\\/\",\"https:\\\/\\\/www.youtube.com\\\/@atlasbalans\"]}]}<\/script>\n<!-- \/ Yoast SEO plugin. -->","yoast_head_json":{"title":"Kontakta oss | Atlasbalans Sverige Fascia Technology","description":"Kom i kontakt med Atlasbalans f\u00f6r teknik, utbildning och support f\u00f6r fasciabehandling.","robots":{"index":"index","follow":"follow","max-snippet":"max-snippet:-1","max-image-preview":"max-image-preview:large","max-video-preview":"max-video-preview:-1"},"canonical":"https:\/\/atlasbalans.com\/sv\/kontakt\/","og_locale":"sv_SE","og_type":"article","og_title":"Kontakta oss | Atlasbalans Sverige Fascia Technology","og_description":"Kom i kontakt med Atlasbalans f\u00f6r teknik, utbildning och support f\u00f6r fasciabehandling.","og_url":"https:\/\/atlasbalans.com\/sv\/kontakt\/","og_site_name":"Atlasbalans","article_publisher":"https:\/\/www.facebook.com\/atlasbalans\/","article_modified_time":"2025-10-31T12:52:32+00:00","twitter_card":"summary_large_image","twitter_misc":{"Ber\u00e4knad l\u00e4stid":"1 minut"},"schema":{"@context":"https:\/\/schema.org","@graph":[{"@type":"WebPage","@id":"https:\/\/atlasbalans.com\/sv\/kontakt\/","url":"https:\/\/atlasbalans.com\/sv\/kontakt\/","name":"Kontakta oss | Atlasbalans Sverige Fascia Technology","isPartOf":{"@id":"https:\/\/atlasbalans.com\/sv\/#website"},"datePublished":"2025-09-17T12:19:14+00:00","dateModified":"2025-10-31T12:52:32+00:00","description":"Kom i kontakt med Atlasbalans f\u00f6r teknik, utbildning och support f\u00f6r fasciabehandling.","breadcrumb":{"@id":"https:\/\/atlasbalans.com\/sv\/kontakt\/#breadcrumb"},"inLanguage":"sv-SE","potentialAction":[{"@type":"ReadAction","target":["https:\/\/atlasbalans.com\/sv\/kontakt\/"]}]},{"@type":"BreadcrumbList","@id":"https:\/\/atlasbalans.com\/sv\/kontakt\/#breadcrumb","itemListElement":[{"@type":"ListItem","position":1,"name":"Home","item":"https:\/\/atlasbalans.com\/sv\/"},{"@type":"ListItem","position":2,"name":"Kontakt"}]},{"@type":"WebSite","@id":"https:\/\/atlasbalans.com\/sv\/#website","url":"https:\/\/atlasbalans.com\/sv\/","name":"Atlasbalans","description":"Redefining Wellness Through Fascia Science","publisher":{"@id":"https:\/\/atlasbalans.com\/sv\/#organization"},"potentialAction":[{"@type":"SearchAction","target":{"@type":"EntryPoint","urlTemplate":"https:\/\/atlasbalans.com\/sv\/?s={search_term_string}"},"query-input":{"@type":"PropertyValueSpecification","valueRequired":true,"valueName":"search_term_string"}}],"inLanguage":"sv-SE"},{"@type":"Organization","@id":"https:\/\/atlasbalans.com\/sv\/#organization","name":"Atlasbalans","url":"https:\/\/atlasbalans.com\/sv\/","logo":{"@type":"ImageObject","inLanguage":"sv-SE","@id":"https:\/\/atlasbalans.com\/sv\/#\/schema\/logo\/image\/","url":"https:\/\/atlasbalans.com\/wp-content\/uploads\/2025\/10\/atlasbalans-color-logo.png","contentUrl":"https:\/\/atlasbalans.com\/wp-content\/uploads\/2025\/10\/atlasbalans-color-logo.png","width":568,"height":190,"caption":"Atlasbalans"},"image":{"@id":"https:\/\/atlasbalans.com\/sv\/#\/schema\/logo\/image\/"},"sameAs":["https:\/\/www.facebook.com\/atlasbalans\/","https:\/\/www.instagram.com\/atlasbalans\/","https:\/\/www.youtube.com\/@atlasbalans"]}]}},"_links":{"self":[{"href":"https:\/\/atlasbalans.com\/sv\/wp-json\/wp\/v2\/pages\/29554","targetHints":{"allow":["GET"]}}],"collection":[{"href":"https:\/\/atlasbalans.com\/sv\/wp-json\/wp\/v2\/pages"}],"about":[{"href":"https:\/\/atlasbalans.com\/sv\/wp-json\/wp\/v2\/types\/page"}],"author":[{"embeddable":true,"href":"https:\/\/atlasbalans.com\/sv\/wp-json\/wp\/v2\/users\/1"}],"replies":[{"embeddable":true,"href":"https:\/\/atlasbalans.com\/sv\/wp-json\/wp\/v2\/comments?post=29554"}],"version-history":[{"count":0,"href":"https:\/\/atlasbalans.com\/sv\/wp-json\/wp\/v2\/pages\/29554\/revisions"}],"wp:attachment":[{"href":"https:\/\/atlasbalans.com\/sv\/wp-json\/wp\/v2\/media?parent=29554"}],"curies":[{"name":"wp","href":"https:\/\/api.w.org\/{rel}","templated":true}]}}